{"id":1311,"date":"2025-02-03T22:03:32","date_gmt":"2025-02-03T21:03:32","guid":{"rendered":"https:\/\/solutionsurmesure.com\/?page_id=1311"},"modified":"2025-10-30T16:54:50","modified_gmt":"2025-10-30T15:54:50","slug":"amelioration-continue","status":"publish","type":"page","link":"https:\/\/solutionsurmesure.com\/index.php\/amelioration-continue\/","title":{"rendered":"Am\u00e9lioration continue"},"content":{"rendered":"\t\t<div data-elementor-type=\"wp-page\" data-elementor-id=\"1311\" class=\"elementor elementor-1311\" data-elementor-post-type=\"page\">\n\t\t\t\t<div class=\"elementor-element elementor-element-d00bf7b e-flex e-con-boxed e-con e-parent\" data-id=\"d00bf7b\" data-element_type=\"container\" data-e-type=\"container\">\n\t\t\t\t\t<div class=\"e-con-inner\">\n\t\t\t\t<div class=\"elementor-element elementor-element-ceed8a8 elementor-widget elementor-widget-heading\" data-id=\"ceed8a8\" data-element_type=\"widget\" data-e-type=\"widget\" data-widget_type=\"heading.default\">\n\t\t\t\t<div class=\"elementor-widget-container\">\n\t\t\t\t\t<h1 class=\"elementor-heading-title elementor-size-default\">Installer une culture de progr\u00e8s permanent<\/h1>\t\t\t\t<\/div>\n\t\t\t\t<\/div>\n\t\t\t\t<div class=\"elementor-element elementor-element-2f8e966 elementor-widget__width-initial elementor-widget elementor-widget-text-editor\" data-id=\"2f8e966\" data-element_type=\"widget\" data-e-type=\"widget\" data-widget_type=\"text-editor.default\">\n\t\t\t\t<div class=\"elementor-widget-container\">\n\t\t\t\t\t\t\t\t\t<h2>C\u2019est une d\u00e9marche de long terme visant \u00e0 faire \u00e9voluer vos pratiques et outils pour maintenir l\u2019efficacit\u00e9 dans la dur\u00e9e.<\/h2>\t\t\t\t\t\t\t\t<\/div>\n\t\t\t\t<\/div>\n\t\t\t\t\t<\/div>\n\t\t\t\t<\/div>\n\t\t<div class=\"elementor-element elementor-element-1748b55 e-con-full e-flex e-con e-parent\" data-id=\"1748b55\" data-element_type=\"container\" data-e-type=\"container\">\n\t\t\t\t<div class=\"elementor-element elementor-element-e061215 elementor-widget__width-initial elementor-widget elementor-widget-image\" data-id=\"e061215\" data-element_type=\"widget\" data-e-type=\"widget\" data-widget_type=\"image.default\">\n\t\t\t\t<div class=\"elementor-widget-container\">\n\t\t\t\t\t\t\t\t\t\t\t\t\t\t\t<img fetchpriority=\"high\" decoding=\"async\" width=\"1024\" height=\"576\" src=\"https:\/\/solutionsurmesure.com\/wp-content\/uploads\/2025\/02\/NP-6-1024x576.png\" class=\"attachment-large size-large wp-image-1315\" alt=\"\" srcset=\"https:\/\/solutionsurmesure.com\/wp-content\/uploads\/2025\/02\/NP-6-1024x576.png 1024w, https:\/\/solutionsurmesure.com\/wp-content\/uploads\/2025\/02\/NP-6-300x169.png 300w, https:\/\/solutionsurmesure.com\/wp-content\/uploads\/2025\/02\/NP-6-768x432.png 768w, https:\/\/solutionsurmesure.com\/wp-content\/uploads\/2025\/02\/NP-6-800x450.png 800w, https:\/\/solutionsurmesure.com\/wp-content\/uploads\/2025\/02\/NP-6.png 1366w\" sizes=\"(max-width: 1024px) 100vw, 1024px\" \/>\t\t\t\t\t\t\t\t\t\t\t\t\t\t\t<\/div>\n\t\t\t\t<\/div>\n\t\t<div class=\"elementor-element elementor-element-68ba868 e-con-full e-flex e-con e-child\" data-id=\"68ba868\" data-element_type=\"container\" data-e-type=\"container\">\n\t\t\t\t<div class=\"elementor-element elementor-element-0ede556 elementor-widget__width-initial elementor-widget elementor-widget-text-editor\" data-id=\"0ede556\" data-element_type=\"widget\" data-e-type=\"widget\" data-widget_type=\"text-editor.default\">\n\t\t\t\t<div class=\"elementor-widget-container\">\n\t\t\t\t\t\t\t\t\t<p data-start=\"520\" data-end=\"909\">Renforcez la performance de votre organisation gr\u00e2ce \u00e0 une d\u00e9marche d\u2019am\u00e9lioration continue.<\/p><p data-start=\"1434\" data-end=\"1691\">Nous vous accompagnons pour instaurer des pratiques r\u00e9guli\u00e8res d\u2019audit, de suivi et de r\u00e9ajustement afin de maintenir vos processus performants dans le temps.<\/p><p data-start=\"1696\" data-end=\"2038\"><img decoding=\"async\" class=\"\" role=\"img\" draggable=\"false\" src=\"https:\/\/s.w.org\/images\/core\/emoji\/16.0.1\/svg\/2705.svg\" alt=\"\u2705\" width=\"19\" height=\"19\" \/> Audit r\u00e9gulier des proc\u00e9dures pour d\u00e9tecter les leviers d\u2019\u00e9volution<br data-start=\"1765\" data-end=\"1768\" \/><img decoding=\"async\" class=\"\" role=\"img\" draggable=\"false\" src=\"https:\/\/s.w.org\/images\/core\/emoji\/16.0.1\/svg\/2705.svg\" alt=\"\u2705\" width=\"19\" height=\"19\" \/> Num\u00e9risation et gestion documentaire pour fluidifier le travail quotidien<br data-start=\"1845\" data-end=\"1848\" \/><img decoding=\"async\" class=\"\" role=\"img\" draggable=\"false\" src=\"https:\/\/s.w.org\/images\/core\/emoji\/16.0.1\/svg\/2705.svg\" alt=\"\u2705\" width=\"19\" height=\"19\" \/> Automatisation et simplification des t\u00e2ches r\u00e9p\u00e9titives<br data-start=\"1907\" data-end=\"1910\" \/><img decoding=\"async\" class=\"\" role=\"img\" draggable=\"false\" src=\"https:\/\/s.w.org\/images\/core\/emoji\/16.0.1\/svg\/2705.svg\" alt=\"\u2705\" width=\"19\" height=\"19\" \/> Optimisation des formulaires et outils internes<br data-start=\"1961\" data-end=\"1964\" \/><img decoding=\"async\" class=\"\" role=\"img\" draggable=\"false\" src=\"https:\/\/s.w.org\/images\/core\/emoji\/16.0.1\/svg\/2705.svg\" alt=\"\u2705\" width=\"19\" height=\"19\" \/> Suivi des indicateurs de performance et accompagnement au changement.<\/p>\t\t\t\t\t\t\t\t<\/div>\n\t\t\t\t<\/div>\n\t\t\t\t<\/div>\n\t\t\t\t<\/div>\n\t\t<div class=\"elementor-element elementor-element-fad3af9 e-con-full e-flex e-con e-parent\" data-id=\"fad3af9\" data-element_type=\"container\" data-e-type=\"container\">\n\t\t\t\t<div class=\"elementor-element elementor-element-4287f02 elementor-widget elementor-widget-heading\" data-id=\"4287f02\" data-element_type=\"widget\" data-e-type=\"widget\" data-widget_type=\"heading.default\">\n\t\t\t\t<div class=\"elementor-widget-container\">\n\t\t\t\t\t<h1 class=\"elementor-heading-title elementor-size-default\">R\u00e9sultat !<\/h1>\t\t\t\t<\/div>\n\t\t\t\t<\/div>\n\t\t\t\t<div class=\"elementor-element elementor-element-5782e9c elementor-widget elementor-widget-heading\" data-id=\"5782e9c\" data-element_type=\"widget\" data-e-type=\"widget\" data-widget_type=\"heading.default\">\n\t\t\t\t<div class=\"elementor-widget-container\">\n\t\t\t\t\t<h1 class=\"elementor-heading-title elementor-size-default\"><span style=\"font-family: Poppins;font-size: 25px;font-style: normal;font-weight: 600\">Une organisation agile, <\/span><br><span style=\"font-family: Poppins;font-size: 25px;font-style: normal;font-weight: 600\">capable de s'adapter et de progresser en continue<\/span><\/h1>\t\t\t\t<\/div>\n\t\t\t\t<\/div>\n\t\t<div class=\"elementor-element elementor-element-b87d78f e-con-full e-flex e-con e-child\" data-id=\"b87d78f\" data-element_type=\"container\" data-e-type=\"container\">\n\t\t\t\t<div class=\"elementor-element elementor-element-8400851 elementor-align-center elementor-widget elementor-widget-button\" data-id=\"8400851\" data-element_type=\"widget\" data-e-type=\"widget\" data-widget_type=\"button.default\">\n\t\t\t\t<div class=\"elementor-widget-container\">\n\t\t\t\t\t\t\t\t\t<div class=\"elementor-button-wrapper\">\n\t\t\t\t\t<a class=\"elementor-button elementor-button-link elementor-size-sm elementor-animation-pulse-grow\" href=\"https:\/\/solutionsurmesure.com\/index.php\/notre-portefeuille-de-produits\/\">\n\t\t\t\t\t\t<span class=\"elementor-button-content-wrapper\">\n\t\t\t\t\t\t\t\t\t<span class=\"elementor-button-text\">Voir nos prestations <\/span>\n\t\t\t\t\t<\/span>\n\t\t\t\t\t<\/a>\n\t\t\t\t<\/div>\n\t\t\t\t\t\t\t\t<\/div>\n\t\t\t\t<\/div>\n\t\t\t\t<\/div>\n\t\t\t\t<\/div>\n\t\t\t\t<\/div>\n\t\t","protected":false},"excerpt":{"rendered":"<p>Installer une culture de progr\u00e8s permanent C\u2019est une d\u00e9marche de long terme visant \u00e0 faire \u00e9voluer vos pratiques et outils pour maintenir l\u2019efficacit\u00e9 dans la dur\u00e9e. Renforcez la performance de votre organisation gr\u00e2ce \u00e0 une d\u00e9marche d\u2019am\u00e9lioration continue. Nous vous accompagnons pour instaurer des pratiques r\u00e9guli\u00e8res d\u2019audit, de suivi et de r\u00e9ajustement afin de maintenir [&hellip;]<\/p>\n","protected":false},"author":1,"featured_media":0,"parent":0,"menu_order":0,"comment_status":"closed","ping_status":"closed","template":"","meta":{"ocean_post_layout":"","ocean_both_sidebars_style":"","ocean_both_sidebars_content_width":0,"ocean_both_sidebars_sidebars_width":0,"ocean_sidebar":"","ocean_second_sidebar":"","ocean_disable_margins":"enable","ocean_add_body_class":"","ocean_shortcode_before_top_bar":"","ocean_shortcode_after_top_bar":"","ocean_shortcode_before_header":"","ocean_shortcode_after_header":"","ocean_has_shortcode":"","ocean_shortcode_after_title":"","ocean_shortcode_before_footer_widgets":"","ocean_shortcode_after_footer_widgets":"","ocean_shortcode_before_footer_bottom":"","ocean_shortcode_after_footer_bottom":"","ocean_display_top_bar":"default","ocean_display_header":"default","ocean_header_style":"","ocean_center_header_left_menu":"","ocean_custom_header_template":"","ocean_custom_logo":0,"ocean_custom_retina_logo":0,"ocean_custom_logo_max_width":0,"ocean_custom_logo_tablet_max_width":0,"ocean_custom_logo_mobile_max_width":0,"ocean_custom_logo_max_height":0,"ocean_custom_logo_tablet_max_height":0,"ocean_custom_logo_mobile_max_height":0,"ocean_header_custom_menu":"","ocean_menu_typo_font_family":"","ocean_menu_typo_font_subset":"","ocean_menu_typo_font_size":0,"ocean_menu_typo_font_size_tablet":0,"ocean_menu_typo_font_size_mobile":0,"ocean_menu_typo_font_size_unit":"px","ocean_menu_typo_font_weight":"","ocean_menu_typo_font_weight_tablet":"","ocean_menu_typo_font_weight_mobile":"","ocean_menu_typo_transform":"","ocean_menu_typo_transform_tablet":"","ocean_menu_typo_transform_mobile":"","ocean_menu_typo_line_height":0,"ocean_menu_typo_line_height_tablet":0,"ocean_menu_typo_line_height_mobile":0,"ocean_menu_typo_line_height_unit":"","ocean_menu_typo_spacing":0,"ocean_menu_typo_spacing_tablet":0,"ocean_menu_typo_spacing_mobile":0,"ocean_menu_typo_spacing_unit":"","ocean_menu_link_color":"","ocean_menu_link_color_hover":"","ocean_menu_link_color_active":"","ocean_menu_link_background":"","ocean_menu_link_hover_background":"","ocean_menu_link_active_background":"","ocean_menu_social_links_bg":"","ocean_menu_social_hover_links_bg":"","ocean_menu_social_links_color":"","ocean_menu_social_hover_links_color":"","ocean_disable_title":"default","ocean_disable_heading":"default","ocean_post_title":"","ocean_post_subheading":"","ocean_post_title_style":"","ocean_post_title_background_color":"","ocean_post_title_background":0,"ocean_post_title_bg_image_position":"","ocean_post_title_bg_image_attachment":"","ocean_post_title_bg_image_repeat":"","ocean_post_title_bg_image_size":"","ocean_post_title_height":0,"ocean_post_title_bg_overlay":0.5,"ocean_post_title_bg_overlay_color":"","ocean_disable_breadcrumbs":"default","ocean_breadcrumbs_color":"","ocean_breadcrumbs_separator_color":"","ocean_breadcrumbs_links_color":"","ocean_breadcrumbs_links_hover_color":"","ocean_display_footer_widgets":"default","ocean_display_footer_bottom":"default","ocean_custom_footer_template":"","footnotes":""},"class_list":["post-1311","page","type-page","status-publish","hentry","entry"],"yoast_head":"<!-- This site is optimized with the Yoast SEO plugin v27.5 - https:\/\/yoast.com\/product\/yoast-seo-wordpress\/ -->\n<title>Am\u00e9lioration continue - Solutions sur Mesure<\/title>\n<meta name=\"robots\" content=\"index, follow, max-snippet:-1, max-image-preview:large, max-video-preview:-1\" \/>\n<link rel=\"canonical\" href=\"https:\/\/solutionsurmesure.com\/index.php\/amelioration-continue\/\" \/>\n<meta property=\"og:locale\" content=\"fr_FR\" \/>\n<meta property=\"og:type\" content=\"article\" \/>\n<meta property=\"og:title\" content=\"Am\u00e9lioration continue - Solutions sur Mesure\" \/>\n<meta property=\"og:description\" content=\"Installer une culture de progr\u00e8s permanent C\u2019est une d\u00e9marche de long terme visant \u00e0 faire \u00e9voluer vos pratiques et outils pour maintenir l\u2019efficacit\u00e9 dans la dur\u00e9e. Renforcez la performance de votre organisation gr\u00e2ce \u00e0 une d\u00e9marche d\u2019am\u00e9lioration continue. Nous vous accompagnons pour instaurer des pratiques r\u00e9guli\u00e8res d\u2019audit, de suivi et de r\u00e9ajustement afin de maintenir [&hellip;]\" \/>\n<meta property=\"og:url\" content=\"https:\/\/solutionsurmesure.com\/index.php\/amelioration-continue\/\" \/>\n<meta property=\"og:site_name\" content=\"Solutions sur Mesure\" \/>\n<meta property=\"article:modified_time\" content=\"2025-10-30T15:54:50+00:00\" \/>\n<meta property=\"og:image\" content=\"https:\/\/solutionsurmesure.com\/wp-content\/uploads\/2025\/02\/NP-6.png\" \/>\n\t<meta property=\"og:image:width\" content=\"1366\" \/>\n\t<meta property=\"og:image:height\" content=\"768\" \/>\n\t<meta property=\"og:image:type\" content=\"image\/png\" \/>\n<meta name=\"twitter:card\" content=\"summary_large_image\" \/>\n<meta name=\"twitter:label1\" content=\"Dur\u00e9e de lecture estim\u00e9e\" \/>\n\t<meta name=\"twitter:data1\" content=\"2 minutes\" \/>\n<script type=\"application\/ld+json\" class=\"yoast-schema-graph\">{\"@context\":\"https:\\\/\\\/schema.org\",\"@graph\":[{\"@type\":\"WebPage\",\"@id\":\"https:\\\/\\\/solutionsurmesure.com\\\/index.php\\\/amelioration-continue\\\/\",\"url\":\"https:\\\/\\\/solutionsurmesure.com\\\/index.php\\\/amelioration-continue\\\/\",\"name\":\"Am\u00e9lioration continue - Solutions sur Mesure\",\"isPartOf\":{\"@id\":\"https:\\\/\\\/solutionsurmesure.com\\\/#website\"},\"primaryImageOfPage\":{\"@id\":\"https:\\\/\\\/solutionsurmesure.com\\\/index.php\\\/amelioration-continue\\\/#primaryimage\"},\"image\":{\"@id\":\"https:\\\/\\\/solutionsurmesure.com\\\/index.php\\\/amelioration-continue\\\/#primaryimage\"},\"thumbnailUrl\":\"https:\\\/\\\/solutionsurmesure.com\\\/wp-content\\\/uploads\\\/2025\\\/02\\\/NP-6-1024x576.png\",\"datePublished\":\"2025-02-03T21:03:32+00:00\",\"dateModified\":\"2025-10-30T15:54:50+00:00\",\"breadcrumb\":{\"@id\":\"https:\\\/\\\/solutionsurmesure.com\\\/index.php\\\/amelioration-continue\\\/#breadcrumb\"},\"inLanguage\":\"fr-FR\",\"potentialAction\":[{\"@type\":\"ReadAction\",\"target\":[\"https:\\\/\\\/solutionsurmesure.com\\\/index.php\\\/amelioration-continue\\\/\"]}]},{\"@type\":\"ImageObject\",\"inLanguage\":\"fr-FR\",\"@id\":\"https:\\\/\\\/solutionsurmesure.com\\\/index.php\\\/amelioration-continue\\\/#primaryimage\",\"url\":\"https:\\\/\\\/solutionsurmesure.com\\\/wp-content\\\/uploads\\\/2025\\\/02\\\/NP-6.png\",\"contentUrl\":\"https:\\\/\\\/solutionsurmesure.com\\\/wp-content\\\/uploads\\\/2025\\\/02\\\/NP-6.png\",\"width\":1366,\"height\":768},{\"@type\":\"BreadcrumbList\",\"@id\":\"https:\\\/\\\/solutionsurmesure.com\\\/index.php\\\/amelioration-continue\\\/#breadcrumb\",\"itemListElement\":[{\"@type\":\"ListItem\",\"position\":1,\"name\":\"Accueil\",\"item\":\"https:\\\/\\\/solutionsurmesure.com\\\/\"},{\"@type\":\"ListItem\",\"position\":2,\"name\":\"Am\u00e9lioration continue\"}]},{\"@type\":\"WebSite\",\"@id\":\"https:\\\/\\\/solutionsurmesure.com\\\/#website\",\"url\":\"https:\\\/\\\/solutionsurmesure.com\\\/\",\"name\":\"Solutions sur Mesure\",\"description\":\"Ensemble transformons vos t\u00e2ches en processus simples et efficaces !\",\"publisher\":{\"@id\":\"https:\\\/\\\/solutionsurmesure.com\\\/#organization\"},\"potentialAction\":[{\"@type\":\"SearchAction\",\"target\":{\"@type\":\"EntryPoint\",\"urlTemplate\":\"https:\\\/\\\/solutionsurmesure.com\\\/?s={search_term_string}\"},\"query-input\":{\"@type\":\"PropertyValueSpecification\",\"valueRequired\":true,\"valueName\":\"search_term_string\"}}],\"inLanguage\":\"fr-FR\"},{\"@type\":\"Organization\",\"@id\":\"https:\\\/\\\/solutionsurmesure.com\\\/#organization\",\"name\":\"Solutions sur Mesure\",\"url\":\"https:\\\/\\\/solutionsurmesure.com\\\/\",\"logo\":{\"@type\":\"ImageObject\",\"inLanguage\":\"fr-FR\",\"@id\":\"https:\\\/\\\/solutionsurmesure.com\\\/#\\\/schema\\\/logo\\\/image\\\/\",\"url\":\"https:\\\/\\\/solutionsurmesure.com\\\/wp-content\\\/uploads\\\/2025\\\/01\\\/cropped-BANNER-2.png\",\"contentUrl\":\"https:\\\/\\\/solutionsurmesure.com\\\/wp-content\\\/uploads\\\/2025\\\/01\\\/cropped-BANNER-2.png\",\"width\":903,\"height\":176,\"caption\":\"Solutions sur Mesure\"},\"image\":{\"@id\":\"https:\\\/\\\/solutionsurmesure.com\\\/#\\\/schema\\\/logo\\\/image\\\/\"}}]}<\/script>\n<!-- \/ Yoast SEO plugin. -->","yoast_head_json":{"title":"Am\u00e9lioration continue - Solutions sur Mesure","robots":{"index":"index","follow":"follow","max-snippet":"max-snippet:-1","max-image-preview":"max-image-preview:large","max-video-preview":"max-video-preview:-1"},"canonical":"https:\/\/solutionsurmesure.com\/index.php\/amelioration-continue\/","og_locale":"fr_FR","og_type":"article","og_title":"Am\u00e9lioration continue - Solutions sur Mesure","og_description":"Installer une culture de progr\u00e8s permanent C\u2019est une d\u00e9marche de long terme visant \u00e0 faire \u00e9voluer vos pratiques et outils pour maintenir l\u2019efficacit\u00e9 dans la dur\u00e9e. Renforcez la performance de votre organisation gr\u00e2ce \u00e0 une d\u00e9marche d\u2019am\u00e9lioration continue. Nous vous accompagnons pour instaurer des pratiques r\u00e9guli\u00e8res d\u2019audit, de suivi et de r\u00e9ajustement afin de maintenir [&hellip;]","og_url":"https:\/\/solutionsurmesure.com\/index.php\/amelioration-continue\/","og_site_name":"Solutions sur Mesure","article_modified_time":"2025-10-30T15:54:50+00:00","og_image":[{"width":1366,"height":768,"url":"https:\/\/solutionsurmesure.com\/wp-content\/uploads\/2025\/02\/NP-6.png","type":"image\/png"}],"twitter_card":"summary_large_image","twitter_misc":{"Dur\u00e9e de lecture estim\u00e9e":"2 minutes"},"schema":{"@context":"https:\/\/schema.org","@graph":[{"@type":"WebPage","@id":"https:\/\/solutionsurmesure.com\/index.php\/amelioration-continue\/","url":"https:\/\/solutionsurmesure.com\/index.php\/amelioration-continue\/","name":"Am\u00e9lioration continue - Solutions sur Mesure","isPartOf":{"@id":"https:\/\/solutionsurmesure.com\/#website"},"primaryImageOfPage":{"@id":"https:\/\/solutionsurmesure.com\/index.php\/amelioration-continue\/#primaryimage"},"image":{"@id":"https:\/\/solutionsurmesure.com\/index.php\/amelioration-continue\/#primaryimage"},"thumbnailUrl":"https:\/\/solutionsurmesure.com\/wp-content\/uploads\/2025\/02\/NP-6-1024x576.png","datePublished":"2025-02-03T21:03:32+00:00","dateModified":"2025-10-30T15:54:50+00:00","breadcrumb":{"@id":"https:\/\/solutionsurmesure.com\/index.php\/amelioration-continue\/#breadcrumb"},"inLanguage":"fr-FR","potentialAction":[{"@type":"ReadAction","target":["https:\/\/solutionsurmesure.com\/index.php\/amelioration-continue\/"]}]},{"@type":"ImageObject","inLanguage":"fr-FR","@id":"https:\/\/solutionsurmesure.com\/index.php\/amelioration-continue\/#primaryimage","url":"https:\/\/solutionsurmesure.com\/wp-content\/uploads\/2025\/02\/NP-6.png","contentUrl":"https:\/\/solutionsurmesure.com\/wp-content\/uploads\/2025\/02\/NP-6.png","width":1366,"height":768},{"@type":"BreadcrumbList","@id":"https:\/\/solutionsurmesure.com\/index.php\/amelioration-continue\/#breadcrumb","itemListElement":[{"@type":"ListItem","position":1,"name":"Accueil","item":"https:\/\/solutionsurmesure.com\/"},{"@type":"ListItem","position":2,"name":"Am\u00e9lioration continue"}]},{"@type":"WebSite","@id":"https:\/\/solutionsurmesure.com\/#website","url":"https:\/\/solutionsurmesure.com\/","name":"Solutions sur Mesure","description":"Ensemble transformons vos t\u00e2ches en processus simples et efficaces !","publisher":{"@id":"https:\/\/solutionsurmesure.com\/#organization"},"potentialAction":[{"@type":"SearchAction","target":{"@type":"EntryPoint","urlTemplate":"https:\/\/solutionsurmesure.com\/?s={search_term_string}"},"query-input":{"@type":"PropertyValueSpecification","valueRequired":true,"valueName":"search_term_string"}}],"inLanguage":"fr-FR"},{"@type":"Organization","@id":"https:\/\/solutionsurmesure.com\/#organization","name":"Solutions sur Mesure","url":"https:\/\/solutionsurmesure.com\/","logo":{"@type":"ImageObject","inLanguage":"fr-FR","@id":"https:\/\/solutionsurmesure.com\/#\/schema\/logo\/image\/","url":"https:\/\/solutionsurmesure.com\/wp-content\/uploads\/2025\/01\/cropped-BANNER-2.png","contentUrl":"https:\/\/solutionsurmesure.com\/wp-content\/uploads\/2025\/01\/cropped-BANNER-2.png","width":903,"height":176,"caption":"Solutions sur Mesure"},"image":{"@id":"https:\/\/solutionsurmesure.com\/#\/schema\/logo\/image\/"}}]}},"_links":{"self":[{"href":"https:\/\/solutionsurmesure.com\/index.php\/wp-json\/wp\/v2\/pages\/1311","targetHints":{"allow":["GET"]}}],"collection":[{"href":"https:\/\/solutionsurmesure.com\/index.php\/wp-json\/wp\/v2\/pages"}],"about":[{"href":"https:\/\/solutionsurmesure.com\/index.php\/wp-json\/wp\/v2\/types\/page"}],"author":[{"embeddable":true,"href":"https:\/\/solutionsurmesure.com\/index.php\/wp-json\/wp\/v2\/users\/1"}],"replies":[{"embeddable":true,"href":"https:\/\/solutionsurmesure.com\/index.php\/wp-json\/wp\/v2\/comments?post=1311"}],"version-history":[{"count":58,"href":"https:\/\/solutionsurmesure.com\/index.php\/wp-json\/wp\/v2\/pages\/1311\/revisions"}],"predecessor-version":[{"id":2625,"href":"https:\/\/solutionsurmesure.com\/index.php\/wp-json\/wp\/v2\/pages\/1311\/revisions\/2625"}],"wp:attachment":[{"href":"https:\/\/solutionsurmesure.com\/index.php\/wp-json\/wp\/v2\/media?parent=1311"}],"curies":[{"name":"wp","href":"https:\/\/api.w.org\/{rel}","templated":true}]}}