{"id":1299,"date":"2025-02-03T21:50:32","date_gmt":"2025-02-03T20:50:32","guid":{"rendered":"https:\/\/solutionsurmesure.com\/?page_id=1299"},"modified":"2025-10-30T16:36:02","modified_gmt":"2025-10-30T15:36:02","slug":"formation-et-soutien-informatique","status":"publish","type":"page","link":"https:\/\/solutionsurmesure.com\/index.php\/formation-et-soutien-informatique\/","title":{"rendered":"Formation et soutien informatique"},"content":{"rendered":"\t\t<div data-elementor-type=\"wp-page\" data-elementor-id=\"1299\" class=\"elementor elementor-1299\" data-elementor-post-type=\"page\">\n\t\t\t\t<div class=\"elementor-element elementor-element-792bb7d e-flex e-con-boxed e-con e-parent\" data-id=\"792bb7d\" data-element_type=\"container\" data-e-type=\"container\">\n\t\t\t\t\t<div class=\"e-con-inner\">\n\t\t\t\t<div class=\"elementor-element elementor-element-c43f13d elementor-widget elementor-widget-heading\" data-id=\"c43f13d\" data-element_type=\"widget\" data-e-type=\"widget\" data-widget_type=\"heading.default\">\n\t\t\t\t<div class=\"elementor-widget-container\">\n\t\t\t\t\t<h1 class=\"elementor-heading-title elementor-size-default\">Int\u00e9grez la technologie \u00e0 votre quotidien<\/h1>\t\t\t\t<\/div>\n\t\t\t\t<\/div>\n\t\t\t\t\t<\/div>\n\t\t\t\t<\/div>\n\t\t<div class=\"elementor-element elementor-element-76892a6 e-con-full e-flex e-con e-parent\" data-id=\"76892a6\" data-element_type=\"container\" data-e-type=\"container\">\n\t\t<div class=\"elementor-element elementor-element-f7a3ed7 e-con-full e-flex e-con e-child\" data-id=\"f7a3ed7\" data-element_type=\"container\" data-e-type=\"container\">\n\t\t\t\t<div class=\"elementor-element elementor-element-ee25763 elementor-widget__width-initial elementor-widget elementor-widget-image\" data-id=\"ee25763\" data-element_type=\"widget\" data-e-type=\"widget\" data-widget_type=\"image.default\">\n\t\t\t\t<div class=\"elementor-widget-container\">\n\t\t\t\t\t\t\t\t\t\t\t\t\t\t\t<img fetchpriority=\"high\" decoding=\"async\" width=\"1024\" height=\"539\" src=\"https:\/\/solutionsurmesure.com\/wp-content\/uploads\/2025\/10\/Formation-13-copie-1024x539.png\" class=\"attachment-large size-large wp-image-2558\" alt=\"\" srcset=\"https:\/\/solutionsurmesure.com\/wp-content\/uploads\/2025\/10\/Formation-13-copie-1024x539.png 1024w, https:\/\/solutionsurmesure.com\/wp-content\/uploads\/2025\/10\/Formation-13-copie-300x158.png 300w, https:\/\/solutionsurmesure.com\/wp-content\/uploads\/2025\/10\/Formation-13-copie-768x404.png 768w, https:\/\/solutionsurmesure.com\/wp-content\/uploads\/2025\/10\/Formation-13-copie.png 1366w\" sizes=\"(max-width: 1024px) 100vw, 1024px\" \/>\t\t\t\t\t\t\t\t\t\t\t\t\t\t\t<\/div>\n\t\t\t\t<\/div>\n\t\t\t\t<\/div>\n\t\t\t\t<div class=\"elementor-element elementor-element-ca4f1c1 elementor-widget__width-initial elementor-widget elementor-widget-text-editor\" data-id=\"ca4f1c1\" data-element_type=\"widget\" data-e-type=\"widget\" data-widget_type=\"text-editor.default\">\n\t\t\t\t<div class=\"elementor-widget-container\">\n\t\t\t\t\t\t\t\t\t<p><b>Nous vous aidons \u00e0 am\u00e9liorer vos comp\u00e9tences informatiques gr\u00e2ce \u00e0 une formation personnalis\u00e9e et un support technique sp\u00e9cialis\u00e9.<\/b><\/p>\t\t\t\t\t\t\t\t<\/div>\n\t\t\t\t<\/div>\n\t\t\t\t<\/div>\n\t\t<div class=\"elementor-element elementor-element-82ffe05 e-con-full e-flex e-con e-parent\" data-id=\"82ffe05\" data-element_type=\"container\" data-e-type=\"container\">\n\t\t<div class=\"elementor-element elementor-element-ed0671f e-con-full e-flex e-con e-child\" data-id=\"ed0671f\" data-element_type=\"container\" data-e-type=\"container\">\n\t\t\t\t<div class=\"elementor-element elementor-element-68e1c82 elementor-widget__width-initial elementor-widget elementor-widget-text-editor\" data-id=\"68e1c82\" data-element_type=\"widget\" data-e-type=\"widget\" data-widget_type=\"text-editor.default\">\n\t\t\t\t<div class=\"elementor-widget-container\">\n\t\t\t\t\t\t\t\t\t<p><img decoding=\"async\" class=\"emoji\" role=\"img\" draggable=\"false\" src=\"https:\/\/s.w.org\/images\/core\/emoji\/16.0.1\/svg\/2705.svg\" alt=\"\u2705\" \/><b>Maitrisez vos outils bureautiques\u00a0<\/b><\/p><p><span style=\"font-size: 18px; font-weight: normal; color: #2d2d2d;\">Apprenez \u00e0 utiliser les ordinateurs, les outils bureautiques, les courriels et m\u00eame votre smartphone.<\/span><\/p>\t\t\t\t\t\t\t\t<\/div>\n\t\t\t\t<\/div>\n\t\t\t\t<\/div>\n\t\t<div class=\"elementor-element elementor-element-e2f20b1 e-con-full e-flex e-con e-child\" data-id=\"e2f20b1\" data-element_type=\"container\" data-e-type=\"container\">\n\t\t\t\t<div class=\"elementor-element elementor-element-1d2bcbb elementor-widget__width-initial elementor-widget elementor-widget-text-editor\" data-id=\"1d2bcbb\" data-element_type=\"widget\" data-e-type=\"widget\" data-widget_type=\"text-editor.default\">\n\t\t\t\t<div class=\"elementor-widget-container\">\n\t\t\t\t\t\t\t\t\t<p><img decoding=\"async\" class=\"emoji\" role=\"img\" draggable=\"false\" src=\"https:\/\/s.w.org\/images\/core\/emoji\/16.0.1\/svg\/2705.svg\" alt=\"\u2705\">&nbsp;<b>Formation et soutien<\/b><\/p>\n<h3><span style=\"font-weight: normal;\">Ma\u00eetrisez ou am\u00e9liorez l&#8217;utilisation de vos ressources pour augmenter votre productivit\u00e9, gagner en autonomie et adopter les bonnes pratiques num\u00e9riques.<\/span><\/h3>\t\t\t\t\t\t\t\t<\/div>\n\t\t\t\t<\/div>\n\t\t\t\t<\/div>\n\t\t<div class=\"elementor-element elementor-element-25776c5 e-con-full e-flex e-con e-child\" data-id=\"25776c5\" data-element_type=\"container\" data-e-type=\"container\">\n\t\t\t\t<div class=\"elementor-element elementor-element-aae328f elementor-widget__width-initial elementor-widget elementor-widget-text-editor\" data-id=\"aae328f\" data-element_type=\"widget\" data-e-type=\"widget\" data-widget_type=\"text-editor.default\">\n\t\t\t\t<div class=\"elementor-widget-container\">\n\t\t\t\t\t\t\t\t\t<p><img decoding=\"async\" class=\"emoji\" role=\"img\" draggable=\"false\" src=\"https:\/\/s.w.org\/images\/core\/emoji\/16.0.1\/svg\/2705.svg\" alt=\"\u2705\">&nbsp;<b>Accompagnement informatique<\/b><\/p>\n<h3><span style=\"font-weight: normal;\">Conseils sur le choix des logiciels, l&#8217;optimisation de l&#8217;utilisation des ressources et la coordination des installations technologiques<\/span>.<\/h3>\t\t\t\t\t\t\t\t<\/div>\n\t\t\t\t<\/div>\n\t\t\t\t<\/div>\n\t\t\t\t<\/div>\n\t\t<div class=\"elementor-element elementor-element-1412347 e-flex e-con-boxed e-con e-parent\" data-id=\"1412347\" data-element_type=\"container\" data-e-type=\"container\">\n\t\t\t\t\t<div class=\"e-con-inner\">\n\t\t<div class=\"elementor-element elementor-element-56eb250 e-con-full e-flex e-con e-child\" data-id=\"56eb250\" data-element_type=\"container\" data-e-type=\"container\">\n\t\t<div class=\"elementor-element elementor-element-c5c5df1 e-con-full e-flex e-con e-child\" data-id=\"c5c5df1\" data-element_type=\"container\" data-e-type=\"container\">\n\t\t\t\t<div class=\"elementor-element elementor-element-33194f0 elementor-align-center elementor-widget elementor-widget-button\" data-id=\"33194f0\" data-element_type=\"widget\" data-e-type=\"widget\" data-widget_type=\"button.default\">\n\t\t\t\t<div class=\"elementor-widget-container\">\n\t\t\t\t\t\t\t\t\t<div class=\"elementor-button-wrapper\">\n\t\t\t\t\t<a class=\"elementor-button elementor-button-link elementor-size-sm elementor-animation-pulse-grow\" href=\"https:\/\/solutionsurmesure.com\/index.php\/notre-portefeuille-de-produits\/\">\n\t\t\t\t\t\t<span class=\"elementor-button-content-wrapper\">\n\t\t\t\t\t\t\t\t\t<span class=\"elementor-button-text\">Voir nos prestations <\/span>\n\t\t\t\t\t<\/span>\n\t\t\t\t\t<\/a>\n\t\t\t\t<\/div>\n\t\t\t\t\t\t\t\t<\/div>\n\t\t\t\t<\/div>\n\t\t\t\t<\/div>\n\t\t\t\t<\/div>\n\t\t\t\t\t<\/div>\n\t\t\t\t<\/div>\n\t\t\t\t<\/div>\n\t\t","protected":false},"excerpt":{"rendered":"<p>Int\u00e9grez la technologie \u00e0 votre quotidien Nous vous aidons \u00e0 am\u00e9liorer vos comp\u00e9tences informatiques gr\u00e2ce \u00e0 une formation personnalis\u00e9e et un support technique sp\u00e9cialis\u00e9. Maitrisez vos outils bureautiques\u00a0 Apprenez \u00e0 utiliser les ordinateurs, les outils bureautiques, les courriels et m\u00eame votre smartphone. &nbsp;Formation et soutien Ma\u00eetrisez ou am\u00e9liorez l&#8217;utilisation de vos ressources pour augmenter votre [&hellip;]<\/p>\n","protected":false},"author":1,"featured_media":0,"parent":0,"menu_order":0,"comment_status":"closed","ping_status":"closed","template":"","meta":{"ocean_post_layout":"","ocean_both_sidebars_style":"","ocean_both_sidebars_content_width":0,"ocean_both_sidebars_sidebars_width":0,"ocean_sidebar":"","ocean_second_sidebar":"","ocean_disable_margins":"enable","ocean_add_body_class":"","ocean_shortcode_before_top_bar":"","ocean_shortcode_after_top_bar":"","ocean_shortcode_before_header":"","ocean_shortcode_after_header":"","ocean_has_shortcode":"","ocean_shortcode_after_title":"","ocean_shortcode_before_footer_widgets":"","ocean_shortcode_after_footer_widgets":"","ocean_shortcode_before_footer_bottom":"","ocean_shortcode_after_footer_bottom":"","ocean_display_top_bar":"default","ocean_display_header":"default","ocean_header_style":"","ocean_center_header_left_menu":"","ocean_custom_header_template":"","ocean_custom_logo":0,"ocean_custom_retina_logo":0,"ocean_custom_logo_max_width":0,"ocean_custom_logo_tablet_max_width":0,"ocean_custom_logo_mobile_max_width":0,"ocean_custom_logo_max_height":0,"ocean_custom_logo_tablet_max_height":0,"ocean_custom_logo_mobile_max_height":0,"ocean_header_custom_menu":"","ocean_menu_typo_font_family":"","ocean_menu_typo_font_subset":"","ocean_menu_typo_font_size":0,"ocean_menu_typo_font_size_tablet":0,"ocean_menu_typo_font_size_mobile":0,"ocean_menu_typo_font_size_unit":"px","ocean_menu_typo_font_weight":"","ocean_menu_typo_font_weight_tablet":"","ocean_menu_typo_font_weight_mobile":"","ocean_menu_typo_transform":"","ocean_menu_typo_transform_tablet":"","ocean_menu_typo_transform_mobile":"","ocean_menu_typo_line_height":0,"ocean_menu_typo_line_height_tablet":0,"ocean_menu_typo_line_height_mobile":0,"ocean_menu_typo_line_height_unit":"","ocean_menu_typo_spacing":0,"ocean_menu_typo_spacing_tablet":0,"ocean_menu_typo_spacing_mobile":0,"ocean_menu_typo_spacing_unit":"","ocean_menu_link_color":"","ocean_menu_link_color_hover":"","ocean_menu_link_color_active":"","ocean_menu_link_background":"","ocean_menu_link_hover_background":"","ocean_menu_link_active_background":"","ocean_menu_social_links_bg":"","ocean_menu_social_hover_links_bg":"","ocean_menu_social_links_color":"","ocean_menu_social_hover_links_color":"","ocean_disable_title":"default","ocean_disable_heading":"default","ocean_post_title":"","ocean_post_subheading":"","ocean_post_title_style":"","ocean_post_title_background_color":"","ocean_post_title_background":0,"ocean_post_title_bg_image_position":"","ocean_post_title_bg_image_attachment":"","ocean_post_title_bg_image_repeat":"","ocean_post_title_bg_image_size":"","ocean_post_title_height":0,"ocean_post_title_bg_overlay":0.5,"ocean_post_title_bg_overlay_color":"","ocean_disable_breadcrumbs":"default","ocean_breadcrumbs_color":"","ocean_breadcrumbs_separator_color":"","ocean_breadcrumbs_links_color":"","ocean_breadcrumbs_links_hover_color":"","ocean_display_footer_widgets":"default","ocean_display_footer_bottom":"default","ocean_custom_footer_template":"","footnotes":""},"class_list":["post-1299","page","type-page","status-publish","hentry","entry"],"yoast_head":"<!-- This site is optimized with the Yoast SEO plugin v27.4 - https:\/\/yoast.com\/product\/yoast-seo-wordpress\/ -->\n<title>Formation et soutien informatique - Solutions sur Mesure<\/title>\n<meta name=\"robots\" content=\"index, follow, max-snippet:-1, max-image-preview:large, max-video-preview:-1\" \/>\n<link rel=\"canonical\" href=\"https:\/\/solutionsurmesure.com\/index.php\/formation-et-soutien-informatique\/\" \/>\n<meta property=\"og:locale\" content=\"fr_FR\" \/>\n<meta property=\"og:type\" content=\"article\" \/>\n<meta property=\"og:title\" content=\"Formation et soutien informatique - Solutions sur Mesure\" \/>\n<meta property=\"og:description\" content=\"Int\u00e9grez la technologie \u00e0 votre quotidien Nous vous aidons \u00e0 am\u00e9liorer vos comp\u00e9tences informatiques gr\u00e2ce \u00e0 une formation personnalis\u00e9e et un support technique sp\u00e9cialis\u00e9. Maitrisez vos outils bureautiques\u00a0 Apprenez \u00e0 utiliser les ordinateurs, les outils bureautiques, les courriels et m\u00eame votre smartphone. &nbsp;Formation et soutien Ma\u00eetrisez ou am\u00e9liorez l&#8217;utilisation de vos ressources pour augmenter votre [&hellip;]\" \/>\n<meta property=\"og:url\" content=\"https:\/\/solutionsurmesure.com\/index.php\/formation-et-soutien-informatique\/\" \/>\n<meta property=\"og:site_name\" content=\"Solutions sur Mesure\" \/>\n<meta property=\"article:modified_time\" content=\"2025-10-30T15:36:02+00:00\" \/>\n<meta property=\"og:image\" content=\"https:\/\/solutionsurmesure.com\/wp-content\/uploads\/2025\/10\/Formation-13-copie.png\" \/>\n\t<meta property=\"og:image:width\" content=\"1366\" \/>\n\t<meta property=\"og:image:height\" content=\"719\" \/>\n\t<meta property=\"og:image:type\" content=\"image\/png\" \/>\n<meta name=\"twitter:card\" content=\"summary_large_image\" \/>\n<meta name=\"twitter:label1\" content=\"Dur\u00e9e de lecture estim\u00e9e\" \/>\n\t<meta name=\"twitter:data1\" content=\"2 minutes\" \/>\n<script type=\"application\/ld+json\" class=\"yoast-schema-graph\">{\"@context\":\"https:\\\/\\\/schema.org\",\"@graph\":[{\"@type\":\"WebPage\",\"@id\":\"https:\\\/\\\/solutionsurmesure.com\\\/index.php\\\/formation-et-soutien-informatique\\\/\",\"url\":\"https:\\\/\\\/solutionsurmesure.com\\\/index.php\\\/formation-et-soutien-informatique\\\/\",\"name\":\"Formation et soutien informatique - Solutions sur Mesure\",\"isPartOf\":{\"@id\":\"https:\\\/\\\/solutionsurmesure.com\\\/#website\"},\"primaryImageOfPage\":{\"@id\":\"https:\\\/\\\/solutionsurmesure.com\\\/index.php\\\/formation-et-soutien-informatique\\\/#primaryimage\"},\"image\":{\"@id\":\"https:\\\/\\\/solutionsurmesure.com\\\/index.php\\\/formation-et-soutien-informatique\\\/#primaryimage\"},\"thumbnailUrl\":\"https:\\\/\\\/solutionsurmesure.com\\\/wp-content\\\/uploads\\\/2025\\\/10\\\/Formation-13-copie-1024x539.png\",\"datePublished\":\"2025-02-03T20:50:32+00:00\",\"dateModified\":\"2025-10-30T15:36:02+00:00\",\"breadcrumb\":{\"@id\":\"https:\\\/\\\/solutionsurmesure.com\\\/index.php\\\/formation-et-soutien-informatique\\\/#breadcrumb\"},\"inLanguage\":\"fr-FR\",\"potentialAction\":[{\"@type\":\"ReadAction\",\"target\":[\"https:\\\/\\\/solutionsurmesure.com\\\/index.php\\\/formation-et-soutien-informatique\\\/\"]}]},{\"@type\":\"ImageObject\",\"inLanguage\":\"fr-FR\",\"@id\":\"https:\\\/\\\/solutionsurmesure.com\\\/index.php\\\/formation-et-soutien-informatique\\\/#primaryimage\",\"url\":\"https:\\\/\\\/solutionsurmesure.com\\\/wp-content\\\/uploads\\\/2025\\\/10\\\/Formation-13-copie.png\",\"contentUrl\":\"https:\\\/\\\/solutionsurmesure.com\\\/wp-content\\\/uploads\\\/2025\\\/10\\\/Formation-13-copie.png\",\"width\":1366,\"height\":719},{\"@type\":\"BreadcrumbList\",\"@id\":\"https:\\\/\\\/solutionsurmesure.com\\\/index.php\\\/formation-et-soutien-informatique\\\/#breadcrumb\",\"itemListElement\":[{\"@type\":\"ListItem\",\"position\":1,\"name\":\"Accueil\",\"item\":\"https:\\\/\\\/solutionsurmesure.com\\\/\"},{\"@type\":\"ListItem\",\"position\":2,\"name\":\"Formation et soutien informatique\"}]},{\"@type\":\"WebSite\",\"@id\":\"https:\\\/\\\/solutionsurmesure.com\\\/#website\",\"url\":\"https:\\\/\\\/solutionsurmesure.com\\\/\",\"name\":\"Solutions sur Mesure\",\"description\":\"Ensemble transformons vos t\u00e2ches en processus simples et efficaces !\",\"publisher\":{\"@id\":\"https:\\\/\\\/solutionsurmesure.com\\\/#organization\"},\"potentialAction\":[{\"@type\":\"SearchAction\",\"target\":{\"@type\":\"EntryPoint\",\"urlTemplate\":\"https:\\\/\\\/solutionsurmesure.com\\\/?s={search_term_string}\"},\"query-input\":{\"@type\":\"PropertyValueSpecification\",\"valueRequired\":true,\"valueName\":\"search_term_string\"}}],\"inLanguage\":\"fr-FR\"},{\"@type\":\"Organization\",\"@id\":\"https:\\\/\\\/solutionsurmesure.com\\\/#organization\",\"name\":\"Solutions sur Mesure\",\"url\":\"https:\\\/\\\/solutionsurmesure.com\\\/\",\"logo\":{\"@type\":\"ImageObject\",\"inLanguage\":\"fr-FR\",\"@id\":\"https:\\\/\\\/solutionsurmesure.com\\\/#\\\/schema\\\/logo\\\/image\\\/\",\"url\":\"https:\\\/\\\/solutionsurmesure.com\\\/wp-content\\\/uploads\\\/2025\\\/01\\\/cropped-BANNER-2.png\",\"contentUrl\":\"https:\\\/\\\/solutionsurmesure.com\\\/wp-content\\\/uploads\\\/2025\\\/01\\\/cropped-BANNER-2.png\",\"width\":903,\"height\":176,\"caption\":\"Solutions sur Mesure\"},\"image\":{\"@id\":\"https:\\\/\\\/solutionsurmesure.com\\\/#\\\/schema\\\/logo\\\/image\\\/\"}}]}<\/script>\n<!-- \/ Yoast SEO plugin. -->","yoast_head_json":{"title":"Formation et soutien informatique - Solutions sur Mesure","robots":{"index":"index","follow":"follow","max-snippet":"max-snippet:-1","max-image-preview":"max-image-preview:large","max-video-preview":"max-video-preview:-1"},"canonical":"https:\/\/solutionsurmesure.com\/index.php\/formation-et-soutien-informatique\/","og_locale":"fr_FR","og_type":"article","og_title":"Formation et soutien informatique - Solutions sur Mesure","og_description":"Int\u00e9grez la technologie \u00e0 votre quotidien Nous vous aidons \u00e0 am\u00e9liorer vos comp\u00e9tences informatiques gr\u00e2ce \u00e0 une formation personnalis\u00e9e et un support technique sp\u00e9cialis\u00e9. Maitrisez vos outils bureautiques\u00a0 Apprenez \u00e0 utiliser les ordinateurs, les outils bureautiques, les courriels et m\u00eame votre smartphone. &nbsp;Formation et soutien Ma\u00eetrisez ou am\u00e9liorez l&#8217;utilisation de vos ressources pour augmenter votre [&hellip;]","og_url":"https:\/\/solutionsurmesure.com\/index.php\/formation-et-soutien-informatique\/","og_site_name":"Solutions sur Mesure","article_modified_time":"2025-10-30T15:36:02+00:00","og_image":[{"width":1366,"height":719,"url":"https:\/\/solutionsurmesure.com\/wp-content\/uploads\/2025\/10\/Formation-13-copie.png","type":"image\/png"}],"twitter_card":"summary_large_image","twitter_misc":{"Dur\u00e9e de lecture estim\u00e9e":"2 minutes"},"schema":{"@context":"https:\/\/schema.org","@graph":[{"@type":"WebPage","@id":"https:\/\/solutionsurmesure.com\/index.php\/formation-et-soutien-informatique\/","url":"https:\/\/solutionsurmesure.com\/index.php\/formation-et-soutien-informatique\/","name":"Formation et soutien informatique - Solutions sur Mesure","isPartOf":{"@id":"https:\/\/solutionsurmesure.com\/#website"},"primaryImageOfPage":{"@id":"https:\/\/solutionsurmesure.com\/index.php\/formation-et-soutien-informatique\/#primaryimage"},"image":{"@id":"https:\/\/solutionsurmesure.com\/index.php\/formation-et-soutien-informatique\/#primaryimage"},"thumbnailUrl":"https:\/\/solutionsurmesure.com\/wp-content\/uploads\/2025\/10\/Formation-13-copie-1024x539.png","datePublished":"2025-02-03T20:50:32+00:00","dateModified":"2025-10-30T15:36:02+00:00","breadcrumb":{"@id":"https:\/\/solutionsurmesure.com\/index.php\/formation-et-soutien-informatique\/#breadcrumb"},"inLanguage":"fr-FR","potentialAction":[{"@type":"ReadAction","target":["https:\/\/solutionsurmesure.com\/index.php\/formation-et-soutien-informatique\/"]}]},{"@type":"ImageObject","inLanguage":"fr-FR","@id":"https:\/\/solutionsurmesure.com\/index.php\/formation-et-soutien-informatique\/#primaryimage","url":"https:\/\/solutionsurmesure.com\/wp-content\/uploads\/2025\/10\/Formation-13-copie.png","contentUrl":"https:\/\/solutionsurmesure.com\/wp-content\/uploads\/2025\/10\/Formation-13-copie.png","width":1366,"height":719},{"@type":"BreadcrumbList","@id":"https:\/\/solutionsurmesure.com\/index.php\/formation-et-soutien-informatique\/#breadcrumb","itemListElement":[{"@type":"ListItem","position":1,"name":"Accueil","item":"https:\/\/solutionsurmesure.com\/"},{"@type":"ListItem","position":2,"name":"Formation et soutien informatique"}]},{"@type":"WebSite","@id":"https:\/\/solutionsurmesure.com\/#website","url":"https:\/\/solutionsurmesure.com\/","name":"Solutions sur Mesure","description":"Ensemble transformons vos t\u00e2ches en processus simples et efficaces !","publisher":{"@id":"https:\/\/solutionsurmesure.com\/#organization"},"potentialAction":[{"@type":"SearchAction","target":{"@type":"EntryPoint","urlTemplate":"https:\/\/solutionsurmesure.com\/?s={search_term_string}"},"query-input":{"@type":"PropertyValueSpecification","valueRequired":true,"valueName":"search_term_string"}}],"inLanguage":"fr-FR"},{"@type":"Organization","@id":"https:\/\/solutionsurmesure.com\/#organization","name":"Solutions sur Mesure","url":"https:\/\/solutionsurmesure.com\/","logo":{"@type":"ImageObject","inLanguage":"fr-FR","@id":"https:\/\/solutionsurmesure.com\/#\/schema\/logo\/image\/","url":"https:\/\/solutionsurmesure.com\/wp-content\/uploads\/2025\/01\/cropped-BANNER-2.png","contentUrl":"https:\/\/solutionsurmesure.com\/wp-content\/uploads\/2025\/01\/cropped-BANNER-2.png","width":903,"height":176,"caption":"Solutions sur Mesure"},"image":{"@id":"https:\/\/solutionsurmesure.com\/#\/schema\/logo\/image\/"}}]}},"_links":{"self":[{"href":"https:\/\/solutionsurmesure.com\/index.php\/wp-json\/wp\/v2\/pages\/1299","targetHints":{"allow":["GET"]}}],"collection":[{"href":"https:\/\/solutionsurmesure.com\/index.php\/wp-json\/wp\/v2\/pages"}],"about":[{"href":"https:\/\/solutionsurmesure.com\/index.php\/wp-json\/wp\/v2\/types\/page"}],"author":[{"embeddable":true,"href":"https:\/\/solutionsurmesure.com\/index.php\/wp-json\/wp\/v2\/users\/1"}],"replies":[{"embeddable":true,"href":"https:\/\/solutionsurmesure.com\/index.php\/wp-json\/wp\/v2\/comments?post=1299"}],"version-history":[{"count":49,"href":"https:\/\/solutionsurmesure.com\/index.php\/wp-json\/wp\/v2\/pages\/1299\/revisions"}],"predecessor-version":[{"id":2612,"href":"https:\/\/solutionsurmesure.com\/index.php\/wp-json\/wp\/v2\/pages\/1299\/revisions\/2612"}],"wp:attachment":[{"href":"https:\/\/solutionsurmesure.com\/index.php\/wp-json\/wp\/v2\/media?parent=1299"}],"curies":[{"name":"wp","href":"https:\/\/api.w.org\/{rel}","templated":true}]}}