{"id":1119,"date":"2025-02-02T18:35:34","date_gmt":"2025-02-02T17:35:34","guid":{"rendered":"https:\/\/solutionsurmesure.com\/?page_id=1119"},"modified":"2025-10-30T17:42:55","modified_gmt":"2025-10-30T16:42:55","slug":"ce-que-disent-nos-clients","status":"publish","type":"page","link":"https:\/\/solutionsurmesure.com\/index.php\/ce-que-disent-nos-clients\/","title":{"rendered":"CE QUE DISENT NOS CLIENTS"},"content":{"rendered":"\t\t<div data-elementor-type=\"wp-page\" data-elementor-id=\"1119\" class=\"elementor elementor-1119\" data-elementor-post-type=\"page\">\n\t\t\t\t<div class=\"elementor-element elementor-element-cdd27f5 e-flex e-con-boxed e-con e-parent\" data-id=\"cdd27f5\" data-element_type=\"container\" data-e-type=\"container\">\n\t\t\t\t\t<div class=\"e-con-inner\">\n\t\t\t\t<div class=\"elementor-element elementor-element-b69a693 elementor-widget elementor-widget-heading\" data-id=\"b69a693\" data-element_type=\"widget\" data-e-type=\"widget\" data-widget_type=\"heading.default\">\n\t\t\t\t<div class=\"elementor-widget-container\">\n\t\t\t\t\t<h2 class=\"elementor-heading-title elementor-size-default\">Voici quelques-unes des exp\u00e9riences partag\u00e9es par nos clients<\/h2>\t\t\t\t<\/div>\n\t\t\t\t<\/div>\n\t\t\t\t\t<\/div>\n\t\t\t\t<\/div>\n\t\t<div class=\"elementor-element elementor-element-31b6c3a e-flex e-con-boxed e-con e-parent\" data-id=\"31b6c3a\" data-element_type=\"container\" data-e-type=\"container\">\n\t\t\t\t\t<div class=\"e-con-inner\">\n\t\t<div class=\"elementor-element elementor-element-b08129d e-con-full e-flex e-con e-child\" data-id=\"b08129d\" data-element_type=\"container\" data-e-type=\"container\" data-settings=\"{&quot;background_background&quot;:&quot;classic&quot;}\">\n\t\t\t\t<div class=\"elementor-element elementor-element-a2e353e elementor-widget__width-initial elementor-widget elementor-widget-image\" data-id=\"a2e353e\" data-element_type=\"widget\" data-e-type=\"widget\" data-widget_type=\"image.default\">\n\t\t\t\t<div class=\"elementor-widget-container\">\n\t\t\t\t\t\t\t\t\t\t\t\t<figure class=\"wp-caption\">\n\t\t\t\t\t\t\t\t\t\t\t<a href=\"https:\/\/blancselect.fr\">\n\t\t\t\t\t\t\t<img fetchpriority=\"high\" decoding=\"async\" width=\"448\" height=\"216\" src=\"https:\/\/solutionsurmesure.com\/wp-content\/uploads\/2025\/10\/Logo-BS-Comprese.jpg\" class=\"elementor-animation-pulse-grow attachment-large size-large wp-image-2649\" alt=\"\" srcset=\"https:\/\/solutionsurmesure.com\/wp-content\/uploads\/2025\/10\/Logo-BS-Comprese.jpg 448w, https:\/\/solutionsurmesure.com\/wp-content\/uploads\/2025\/10\/Logo-BS-Comprese-300x145.jpg 300w\" sizes=\"(max-width: 448px) 100vw, 448px\" \/>\t\t\t\t\t\t\t\t<\/a>\n\t\t\t\t\t\t\t\t\t\t\t<figcaption class=\"widget-image-caption wp-caption-text\">Installation d\u2019alarmes, de vid\u00e9o surveillance, de solutions de contr\u00f4le d\u2019acc\u00e8s, la vente de coffres-forts, l\u2019installation de chambres fortes, le blindage de locaux.<\/figcaption>\n\t\t\t\t\t\t\t\t\t\t<\/figure>\n\t\t\t\t\t\t\t\t\t<\/div>\n\t\t\t\t<\/div>\n\t\t\t\t<div class=\"elementor-element elementor-element-6b53ce3 elementor-widget elementor-widget-text-editor\" data-id=\"6b53ce3\" data-element_type=\"widget\" data-e-type=\"widget\" data-widget_type=\"text-editor.default\">\n\t\t\t\t<div class=\"elementor-widget-container\">\n\t\t\t\t\t\t\t\t\t<p>Gr\u00e2ce \u00e0 cet accompagnement pr\u00e9cis, nous avons optimis\u00e9 nos proc\u00e9dures administratives et mis en place divers tableaux de bord et indicateurs de gestion, facilitant ainsi la prise de d\u00e9cisions strat\u00e9giques.<\/p><p>Nous avons \u00e9galement am\u00e9lior\u00e9 la coordination avec les entit\u00e9s administratives, nos clients et nos fournisseurs, ce qui nous permet de nous concentrer pleinement sur la s\u00e9curit\u00e9 de nos clients. Je recommande vivement !<\/p>\t\t\t\t\t\t\t\t<\/div>\n\t\t\t\t<\/div>\n\t\t\t\t<\/div>\n\t\t<div class=\"elementor-element elementor-element-0b5c371 e-con-full e-flex e-con e-child\" data-id=\"0b5c371\" data-element_type=\"container\" data-e-type=\"container\" data-settings=\"{&quot;background_background&quot;:&quot;classic&quot;}\">\n\t\t\t\t<div class=\"elementor-element elementor-element-c444a46 elementor-widget elementor-widget-image\" data-id=\"c444a46\" data-element_type=\"widget\" data-e-type=\"widget\" data-widget_type=\"image.default\">\n\t\t\t\t<div class=\"elementor-widget-container\">\n\t\t\t\t\t\t\t\t\t\t\t\t<figure class=\"wp-caption\">\n\t\t\t\t\t\t\t\t\t\t\t<a href=\"https:\/\/www.usateq.com\">\n\t\t\t\t\t\t\t<img decoding=\"async\" width=\"1024\" height=\"722\" src=\"https:\/\/solutionsurmesure.com\/wp-content\/uploads\/2025\/02\/USATEQ-1024x722.png\" class=\"elementor-animation-pulse-grow attachment-large size-large wp-image-1110\" alt=\"\" srcset=\"https:\/\/solutionsurmesure.com\/wp-content\/uploads\/2025\/02\/USATEQ-1024x722.png 1024w, https:\/\/solutionsurmesure.com\/wp-content\/uploads\/2025\/02\/USATEQ-300x211.png 300w, https:\/\/solutionsurmesure.com\/wp-content\/uploads\/2025\/02\/USATEQ-768x541.png 768w, https:\/\/solutionsurmesure.com\/wp-content\/uploads\/2025\/02\/USATEQ.png 1240w\" sizes=\"(max-width: 1024px) 100vw, 1024px\" \/>\t\t\t\t\t\t\t\t<\/a>\n\t\t\t\t\t\t\t\t\t\t\t<figcaption class=\"widget-image-caption wp-caption-text\">Exports of used construction and mining equipment.<\/figcaption>\n\t\t\t\t\t\t\t\t\t\t<\/figure>\n\t\t\t\t\t\t\t\t\t<\/div>\n\t\t\t\t<\/div>\n\t\t\t\t<div class=\"elementor-element elementor-element-3167e47 elementor-widget elementor-widget-text-editor\" data-id=\"3167e47\" data-element_type=\"widget\" data-e-type=\"widget\" data-widget_type=\"text-editor.default\">\n\t\t\t\t<div class=\"elementor-widget-container\">\n\t\t\t\t\t\t\t\t\t<p><span class=\"OYPEnA font-feature-liga-off font-feature-clig-off font-feature-calt-off text-decoration-none text-strikethrough-none\">Travailler avec SOLUTIONS SUR MESURE a \u00e9t\u00e9 une excellente d\u00e9cision pour notre entreprise. Leur exp\u00e9rience et leur approche agile nous ont permis d\u2019optimiser les d\u00e9lais et d\u2019am\u00e9liorer l\u2019organisation interne. Malgr\u00e9 la distance, la communication a toujours \u00e9t\u00e9 fluide et efficace.&nbsp;<\/span><\/p><p><span class=\"OYPEnA font-feature-liga-off font-feature-clig-off font-feature-calt-off text-decoration-none text-strikethrough-none\">Nous recommandons leurs services \u00e0 toute entreprise recherchant professionnalisme et efficacit\u00e9 dans la gestion administrative et commerciale !<\/span><\/p>\t\t\t\t\t\t\t\t<\/div>\n\t\t\t\t<\/div>\n\t\t\t\t<\/div>\n\t\t<div class=\"elementor-element elementor-element-cedecfa e-con-full e-flex e-con e-child\" data-id=\"cedecfa\" data-element_type=\"container\" data-e-type=\"container\" data-settings=\"{&quot;background_background&quot;:&quot;classic&quot;,&quot;background_motion_fx_motion_fx_mouse&quot;:&quot;yes&quot;,&quot;background_motion_fx_mouseTrack_effect&quot;:&quot;yes&quot;,&quot;background_motion_fx_mouseTrack_speed&quot;:{&quot;unit&quot;:&quot;px&quot;,&quot;size&quot;:4.1,&quot;sizes&quot;:[]}}\">\n\t\t\t\t<div class=\"elementor-element elementor-element-8527112 elementor-widget elementor-widget-image\" data-id=\"8527112\" data-element_type=\"widget\" data-e-type=\"widget\" data-widget_type=\"image.default\">\n\t\t\t\t<div class=\"elementor-widget-container\">\n\t\t\t\t\t\t\t\t\t\t\t\t<figure class=\"wp-caption\">\n\t\t\t\t\t\t\t\t\t\t\t<a href=\"https:\/\/blancselect.fr\">\n\t\t\t\t\t\t\t<img decoding=\"async\" width=\"1024\" height=\"734\" src=\"https:\/\/solutionsurmesure.com\/wp-content\/uploads\/2025\/10\/BSM-V2.jpg\" class=\"elementor-animation-pulse-shrink attachment-large size-large wp-image-2650\" alt=\"\" srcset=\"https:\/\/solutionsurmesure.com\/wp-content\/uploads\/2025\/10\/BSM-V2.jpg 1024w, https:\/\/solutionsurmesure.com\/wp-content\/uploads\/2025\/10\/BSM-V2-300x215.jpg 300w, https:\/\/solutionsurmesure.com\/wp-content\/uploads\/2025\/10\/BSM-V2-768x551.jpg 768w\" sizes=\"(max-width: 1024px) 100vw, 1024px\" \/>\t\t\t\t\t\t\t\t<\/a>\n\t\t\t\t\t\t\t\t\t\t\t<figcaption class=\"widget-image-caption wp-caption-text\">Transport et Manutention lourde (portes blind\u00e9es, coffres-forts, machines\u2026) et le transfert d\u2019entreprise.<\/figcaption>\n\t\t\t\t\t\t\t\t\t\t<\/figure>\n\t\t\t\t\t\t\t\t\t<\/div>\n\t\t\t\t<\/div>\n\t\t\t\t<div class=\"elementor-element elementor-element-8534fab elementor-widget elementor-widget-text-editor\" data-id=\"8534fab\" data-element_type=\"widget\" data-e-type=\"widget\" data-widget_type=\"text-editor.default\">\n\t\t\t\t<div class=\"elementor-widget-container\">\n\t\t\t\t\t\t\t\t\t<p><em><span class=\"OYPEnA font-feature-liga-off font-feature-clig-off font-feature-calt-off text-decoration-none text-strikethrough-none\">Notre exp\u00e9rience a \u00e9t\u00e9 exceptionnelle. Leur \u00e9quipe nous a accompagn\u00e9 dans la gestion de projet et dans l&#8217;expansion de notre entreprise, nous aidant \u00e0 optimiser les processus avec une gestion efficace et bien structur\u00e9e, et c&#8217;est exactement ce que nous avons trouv\u00e9 avec leur service.&nbsp;<\/span><\/em><\/p><p><em><span class=\"OYPEnA font-feature-liga-off font-feature-clig-off font-feature-calt-off text-decoration-none text-strikethrough-none\">Leur engagement et leur professionnalisme font la diff\u00e9rence. Nous sommes tr\u00e8s satisfaits !<\/span><\/em><\/p>\t\t\t\t\t\t\t\t<\/div>\n\t\t\t\t<\/div>\n\t\t\t\t<\/div>\n\t\t\t\t\t<\/div>\n\t\t\t\t<\/div>\n\t\t<div class=\"elementor-element elementor-element-797534a e-flex e-con-boxed e-con e-parent\" data-id=\"797534a\" data-element_type=\"container\" data-e-type=\"container\">\n\t\t\t\t\t<div class=\"e-con-inner\">\n\t\t<div class=\"elementor-element elementor-element-e50f26f e-con-full e-flex e-con e-child\" data-id=\"e50f26f\" data-element_type=\"container\" data-e-type=\"container\">\n\t\t<div class=\"elementor-element elementor-element-39528c7 e-con-full e-flex e-con e-child\" data-id=\"39528c7\" data-element_type=\"container\" data-e-type=\"container\">\n\t\t<div class=\"elementor-element elementor-element-27c80bf e-con-full e-flex e-con e-child\" data-id=\"27c80bf\" data-element_type=\"container\" data-e-type=\"container\">\n\t\t\t\t<div class=\"elementor-element elementor-element-fe8ad7c elementor-align-center elementor-widget elementor-widget-button\" data-id=\"fe8ad7c\" data-element_type=\"widget\" data-e-type=\"widget\" data-widget_type=\"button.default\">\n\t\t\t\t<div class=\"elementor-widget-container\">\n\t\t\t\t\t\t\t\t\t<div class=\"elementor-button-wrapper\">\n\t\t\t\t\t<a class=\"elementor-button elementor-button-link elementor-size-sm elementor-animation-pulse-grow\" href=\"https:\/\/solutionsurmesure.com\/index.php\/contact-3\/\">\n\t\t\t\t\t\t<span class=\"elementor-button-content-wrapper\">\n\t\t\t\t\t\t\t\t\t<span class=\"elementor-button-text\">Contactez nous !<\/span>\n\t\t\t\t\t<\/span>\n\t\t\t\t\t<\/a>\n\t\t\t\t<\/div>\n\t\t\t\t\t\t\t\t<\/div>\n\t\t\t\t<\/div>\n\t\t\t\t<\/div>\n\t\t\t\t<\/div>\n\t\t\t\t<\/div>\n\t\t\t\t\t<\/div>\n\t\t\t\t<\/div>\n\t\t\t\t<\/div>\n\t\t","protected":false},"excerpt":{"rendered":"<p>Voici quelques-unes des exp\u00e9riences partag\u00e9es par nos clients Installation d\u2019alarmes, de vid\u00e9o surveillance, de solutions de contr\u00f4le d\u2019acc\u00e8s, la vente de coffres-forts, l\u2019installation de chambres fortes, le blindage de locaux. Gr\u00e2ce \u00e0 cet accompagnement pr\u00e9cis, nous avons optimis\u00e9 nos proc\u00e9dures administratives et mis en place divers tableaux de bord et indicateurs de gestion, facilitant ainsi [&hellip;]<\/p>\n","protected":false},"author":1,"featured_media":0,"parent":0,"menu_order":0,"comment_status":"closed","ping_status":"closed","template":"","meta":{"ocean_post_layout":"","ocean_both_sidebars_style":"","ocean_both_sidebars_content_width":0,"ocean_both_sidebars_sidebars_width":0,"ocean_sidebar":"","ocean_second_sidebar":"","ocean_disable_margins":"enable","ocean_add_body_class":"","ocean_shortcode_before_top_bar":"","ocean_shortcode_after_top_bar":"","ocean_shortcode_before_header":"","ocean_shortcode_after_header":"","ocean_has_shortcode":"","ocean_shortcode_after_title":"","ocean_shortcode_before_footer_widgets":"","ocean_shortcode_after_footer_widgets":"","ocean_shortcode_before_footer_bottom":"","ocean_shortcode_after_footer_bottom":"","ocean_display_top_bar":"default","ocean_display_header":"default","ocean_header_style":"","ocean_center_header_left_menu":"","ocean_custom_header_template":"","ocean_custom_logo":0,"ocean_custom_retina_logo":0,"ocean_custom_logo_max_width":0,"ocean_custom_logo_tablet_max_width":0,"ocean_custom_logo_mobile_max_width":0,"ocean_custom_logo_max_height":0,"ocean_custom_logo_tablet_max_height":0,"ocean_custom_logo_mobile_max_height":0,"ocean_header_custom_menu":"","ocean_menu_typo_font_family":"","ocean_menu_typo_font_subset":"","ocean_menu_typo_font_size":0,"ocean_menu_typo_font_size_tablet":0,"ocean_menu_typo_font_size_mobile":0,"ocean_menu_typo_font_size_unit":"px","ocean_menu_typo_font_weight":"","ocean_menu_typo_font_weight_tablet":"","ocean_menu_typo_font_weight_mobile":"","ocean_menu_typo_transform":"","ocean_menu_typo_transform_tablet":"","ocean_menu_typo_transform_mobile":"","ocean_menu_typo_line_height":0,"ocean_menu_typo_line_height_tablet":0,"ocean_menu_typo_line_height_mobile":0,"ocean_menu_typo_line_height_unit":"","ocean_menu_typo_spacing":0,"ocean_menu_typo_spacing_tablet":0,"ocean_menu_typo_spacing_mobile":0,"ocean_menu_typo_spacing_unit":"","ocean_menu_link_color":"","ocean_menu_link_color_hover":"","ocean_menu_link_color_active":"","ocean_menu_link_background":"","ocean_menu_link_hover_background":"","ocean_menu_link_active_background":"","ocean_menu_social_links_bg":"","ocean_menu_social_hover_links_bg":"","ocean_menu_social_links_color":"","ocean_menu_social_hover_links_color":"","ocean_disable_title":"default","ocean_disable_heading":"default","ocean_post_title":"","ocean_post_subheading":"","ocean_post_title_style":"","ocean_post_title_background_color":"","ocean_post_title_background":0,"ocean_post_title_bg_image_position":"","ocean_post_title_bg_image_attachment":"","ocean_post_title_bg_image_repeat":"","ocean_post_title_bg_image_size":"","ocean_post_title_height":0,"ocean_post_title_bg_overlay":0.5,"ocean_post_title_bg_overlay_color":"","ocean_disable_breadcrumbs":"default","ocean_breadcrumbs_color":"","ocean_breadcrumbs_separator_color":"","ocean_breadcrumbs_links_color":"","ocean_breadcrumbs_links_hover_color":"","ocean_display_footer_widgets":"default","ocean_display_footer_bottom":"default","ocean_custom_footer_template":"","footnotes":""},"class_list":["post-1119","page","type-page","status-publish","hentry","entry"],"yoast_head":"<!-- This site is optimized with the Yoast SEO plugin v27.6 - https:\/\/yoast.com\/product\/yoast-seo-wordpress\/ -->\n<title>CE QUE DISENT NOS CLIENTS - Solutions sur Mesure<\/title>\n<meta name=\"robots\" content=\"index, follow, max-snippet:-1, max-image-preview:large, max-video-preview:-1\" \/>\n<link rel=\"canonical\" href=\"https:\/\/solutionsurmesure.com\/index.php\/ce-que-disent-nos-clients\/\" \/>\n<meta property=\"og:locale\" content=\"fr_FR\" \/>\n<meta property=\"og:type\" content=\"article\" \/>\n<meta property=\"og:title\" content=\"CE QUE DISENT NOS CLIENTS - Solutions sur Mesure\" \/>\n<meta property=\"og:description\" content=\"Voici quelques-unes des exp\u00e9riences partag\u00e9es par nos clients Installation d\u2019alarmes, de vid\u00e9o surveillance, de solutions de contr\u00f4le d\u2019acc\u00e8s, la vente de coffres-forts, l\u2019installation de chambres fortes, le blindage de locaux. Gr\u00e2ce \u00e0 cet accompagnement pr\u00e9cis, nous avons optimis\u00e9 nos proc\u00e9dures administratives et mis en place divers tableaux de bord et indicateurs de gestion, facilitant ainsi [&hellip;]\" \/>\n<meta property=\"og:url\" content=\"https:\/\/solutionsurmesure.com\/index.php\/ce-que-disent-nos-clients\/\" \/>\n<meta property=\"og:site_name\" content=\"Solutions sur Mesure\" \/>\n<meta property=\"article:modified_time\" content=\"2025-10-30T16:42:55+00:00\" \/>\n<meta property=\"og:image\" content=\"https:\/\/solutionsurmesure.com\/wp-content\/uploads\/2025\/10\/Logo-BS-Comprese.jpg\" \/>\n\t<meta property=\"og:image:width\" content=\"448\" \/>\n\t<meta property=\"og:image:height\" content=\"216\" \/>\n\t<meta property=\"og:image:type\" content=\"image\/jpeg\" \/>\n<meta name=\"twitter:card\" content=\"summary_large_image\" \/>\n<meta name=\"twitter:label1\" content=\"Dur\u00e9e de lecture estim\u00e9e\" \/>\n\t<meta name=\"twitter:data1\" content=\"2 minutes\" \/>\n<script type=\"application\/ld+json\" class=\"yoast-schema-graph\">{\"@context\":\"https:\\\/\\\/schema.org\",\"@graph\":[{\"@type\":\"WebPage\",\"@id\":\"https:\\\/\\\/solutionsurmesure.com\\\/index.php\\\/ce-que-disent-nos-clients\\\/\",\"url\":\"https:\\\/\\\/solutionsurmesure.com\\\/index.php\\\/ce-que-disent-nos-clients\\\/\",\"name\":\"CE QUE DISENT NOS CLIENTS - Solutions sur Mesure\",\"isPartOf\":{\"@id\":\"https:\\\/\\\/solutionsurmesure.com\\\/#website\"},\"primaryImageOfPage\":{\"@id\":\"https:\\\/\\\/solutionsurmesure.com\\\/index.php\\\/ce-que-disent-nos-clients\\\/#primaryimage\"},\"image\":{\"@id\":\"https:\\\/\\\/solutionsurmesure.com\\\/index.php\\\/ce-que-disent-nos-clients\\\/#primaryimage\"},\"thumbnailUrl\":\"https:\\\/\\\/solutionsurmesure.com\\\/wp-content\\\/uploads\\\/2025\\\/10\\\/Logo-BS-Comprese.jpg\",\"datePublished\":\"2025-02-02T17:35:34+00:00\",\"dateModified\":\"2025-10-30T16:42:55+00:00\",\"breadcrumb\":{\"@id\":\"https:\\\/\\\/solutionsurmesure.com\\\/index.php\\\/ce-que-disent-nos-clients\\\/#breadcrumb\"},\"inLanguage\":\"fr-FR\",\"potentialAction\":[{\"@type\":\"ReadAction\",\"target\":[\"https:\\\/\\\/solutionsurmesure.com\\\/index.php\\\/ce-que-disent-nos-clients\\\/\"]}]},{\"@type\":\"ImageObject\",\"inLanguage\":\"fr-FR\",\"@id\":\"https:\\\/\\\/solutionsurmesure.com\\\/index.php\\\/ce-que-disent-nos-clients\\\/#primaryimage\",\"url\":\"https:\\\/\\\/solutionsurmesure.com\\\/wp-content\\\/uploads\\\/2025\\\/10\\\/Logo-BS-Comprese.jpg\",\"contentUrl\":\"https:\\\/\\\/solutionsurmesure.com\\\/wp-content\\\/uploads\\\/2025\\\/10\\\/Logo-BS-Comprese.jpg\",\"width\":448,\"height\":216},{\"@type\":\"BreadcrumbList\",\"@id\":\"https:\\\/\\\/solutionsurmesure.com\\\/index.php\\\/ce-que-disent-nos-clients\\\/#breadcrumb\",\"itemListElement\":[{\"@type\":\"ListItem\",\"position\":1,\"name\":\"Accueil\",\"item\":\"https:\\\/\\\/solutionsurmesure.com\\\/\"},{\"@type\":\"ListItem\",\"position\":2,\"name\":\"CE QUE DISENT NOS CLIENTS\"}]},{\"@type\":\"WebSite\",\"@id\":\"https:\\\/\\\/solutionsurmesure.com\\\/#website\",\"url\":\"https:\\\/\\\/solutionsurmesure.com\\\/\",\"name\":\"Solutions sur Mesure\",\"description\":\"Ensemble transformons vos t\u00e2ches en processus simples et efficaces !\",\"publisher\":{\"@id\":\"https:\\\/\\\/solutionsurmesure.com\\\/#organization\"},\"potentialAction\":[{\"@type\":\"SearchAction\",\"target\":{\"@type\":\"EntryPoint\",\"urlTemplate\":\"https:\\\/\\\/solutionsurmesure.com\\\/?s={search_term_string}\"},\"query-input\":{\"@type\":\"PropertyValueSpecification\",\"valueRequired\":true,\"valueName\":\"search_term_string\"}}],\"inLanguage\":\"fr-FR\"},{\"@type\":\"Organization\",\"@id\":\"https:\\\/\\\/solutionsurmesure.com\\\/#organization\",\"name\":\"Solutions sur Mesure\",\"url\":\"https:\\\/\\\/solutionsurmesure.com\\\/\",\"logo\":{\"@type\":\"ImageObject\",\"inLanguage\":\"fr-FR\",\"@id\":\"https:\\\/\\\/solutionsurmesure.com\\\/#\\\/schema\\\/logo\\\/image\\\/\",\"url\":\"https:\\\/\\\/solutionsurmesure.com\\\/wp-content\\\/uploads\\\/2025\\\/01\\\/cropped-BANNER-2.png\",\"contentUrl\":\"https:\\\/\\\/solutionsurmesure.com\\\/wp-content\\\/uploads\\\/2025\\\/01\\\/cropped-BANNER-2.png\",\"width\":903,\"height\":176,\"caption\":\"Solutions sur Mesure\"},\"image\":{\"@id\":\"https:\\\/\\\/solutionsurmesure.com\\\/#\\\/schema\\\/logo\\\/image\\\/\"}}]}<\/script>\n<!-- \/ Yoast SEO plugin. -->","yoast_head_json":{"title":"CE QUE DISENT NOS CLIENTS - Solutions sur Mesure","robots":{"index":"index","follow":"follow","max-snippet":"max-snippet:-1","max-image-preview":"max-image-preview:large","max-video-preview":"max-video-preview:-1"},"canonical":"https:\/\/solutionsurmesure.com\/index.php\/ce-que-disent-nos-clients\/","og_locale":"fr_FR","og_type":"article","og_title":"CE QUE DISENT NOS CLIENTS - Solutions sur Mesure","og_description":"Voici quelques-unes des exp\u00e9riences partag\u00e9es par nos clients Installation d\u2019alarmes, de vid\u00e9o surveillance, de solutions de contr\u00f4le d\u2019acc\u00e8s, la vente de coffres-forts, l\u2019installation de chambres fortes, le blindage de locaux. Gr\u00e2ce \u00e0 cet accompagnement pr\u00e9cis, nous avons optimis\u00e9 nos proc\u00e9dures administratives et mis en place divers tableaux de bord et indicateurs de gestion, facilitant ainsi [&hellip;]","og_url":"https:\/\/solutionsurmesure.com\/index.php\/ce-que-disent-nos-clients\/","og_site_name":"Solutions sur Mesure","article_modified_time":"2025-10-30T16:42:55+00:00","og_image":[{"width":448,"height":216,"url":"https:\/\/solutionsurmesure.com\/wp-content\/uploads\/2025\/10\/Logo-BS-Comprese.jpg","type":"image\/jpeg"}],"twitter_card":"summary_large_image","twitter_misc":{"Dur\u00e9e de lecture estim\u00e9e":"2 minutes"},"schema":{"@context":"https:\/\/schema.org","@graph":[{"@type":"WebPage","@id":"https:\/\/solutionsurmesure.com\/index.php\/ce-que-disent-nos-clients\/","url":"https:\/\/solutionsurmesure.com\/index.php\/ce-que-disent-nos-clients\/","name":"CE QUE DISENT NOS CLIENTS - Solutions sur Mesure","isPartOf":{"@id":"https:\/\/solutionsurmesure.com\/#website"},"primaryImageOfPage":{"@id":"https:\/\/solutionsurmesure.com\/index.php\/ce-que-disent-nos-clients\/#primaryimage"},"image":{"@id":"https:\/\/solutionsurmesure.com\/index.php\/ce-que-disent-nos-clients\/#primaryimage"},"thumbnailUrl":"https:\/\/solutionsurmesure.com\/wp-content\/uploads\/2025\/10\/Logo-BS-Comprese.jpg","datePublished":"2025-02-02T17:35:34+00:00","dateModified":"2025-10-30T16:42:55+00:00","breadcrumb":{"@id":"https:\/\/solutionsurmesure.com\/index.php\/ce-que-disent-nos-clients\/#breadcrumb"},"inLanguage":"fr-FR","potentialAction":[{"@type":"ReadAction","target":["https:\/\/solutionsurmesure.com\/index.php\/ce-que-disent-nos-clients\/"]}]},{"@type":"ImageObject","inLanguage":"fr-FR","@id":"https:\/\/solutionsurmesure.com\/index.php\/ce-que-disent-nos-clients\/#primaryimage","url":"https:\/\/solutionsurmesure.com\/wp-content\/uploads\/2025\/10\/Logo-BS-Comprese.jpg","contentUrl":"https:\/\/solutionsurmesure.com\/wp-content\/uploads\/2025\/10\/Logo-BS-Comprese.jpg","width":448,"height":216},{"@type":"BreadcrumbList","@id":"https:\/\/solutionsurmesure.com\/index.php\/ce-que-disent-nos-clients\/#breadcrumb","itemListElement":[{"@type":"ListItem","position":1,"name":"Accueil","item":"https:\/\/solutionsurmesure.com\/"},{"@type":"ListItem","position":2,"name":"CE QUE DISENT NOS CLIENTS"}]},{"@type":"WebSite","@id":"https:\/\/solutionsurmesure.com\/#website","url":"https:\/\/solutionsurmesure.com\/","name":"Solutions sur Mesure","description":"Ensemble transformons vos t\u00e2ches en processus simples et efficaces !","publisher":{"@id":"https:\/\/solutionsurmesure.com\/#organization"},"potentialAction":[{"@type":"SearchAction","target":{"@type":"EntryPoint","urlTemplate":"https:\/\/solutionsurmesure.com\/?s={search_term_string}"},"query-input":{"@type":"PropertyValueSpecification","valueRequired":true,"valueName":"search_term_string"}}],"inLanguage":"fr-FR"},{"@type":"Organization","@id":"https:\/\/solutionsurmesure.com\/#organization","name":"Solutions sur Mesure","url":"https:\/\/solutionsurmesure.com\/","logo":{"@type":"ImageObject","inLanguage":"fr-FR","@id":"https:\/\/solutionsurmesure.com\/#\/schema\/logo\/image\/","url":"https:\/\/solutionsurmesure.com\/wp-content\/uploads\/2025\/01\/cropped-BANNER-2.png","contentUrl":"https:\/\/solutionsurmesure.com\/wp-content\/uploads\/2025\/01\/cropped-BANNER-2.png","width":903,"height":176,"caption":"Solutions sur Mesure"},"image":{"@id":"https:\/\/solutionsurmesure.com\/#\/schema\/logo\/image\/"}}]}},"_links":{"self":[{"href":"https:\/\/solutionsurmesure.com\/index.php\/wp-json\/wp\/v2\/pages\/1119","targetHints":{"allow":["GET"]}}],"collection":[{"href":"https:\/\/solutionsurmesure.com\/index.php\/wp-json\/wp\/v2\/pages"}],"about":[{"href":"https:\/\/solutionsurmesure.com\/index.php\/wp-json\/wp\/v2\/types\/page"}],"author":[{"embeddable":true,"href":"https:\/\/solutionsurmesure.com\/index.php\/wp-json\/wp\/v2\/users\/1"}],"replies":[{"embeddable":true,"href":"https:\/\/solutionsurmesure.com\/index.php\/wp-json\/wp\/v2\/comments?post=1119"}],"version-history":[{"count":52,"href":"https:\/\/solutionsurmesure.com\/index.php\/wp-json\/wp\/v2\/pages\/1119\/revisions"}],"predecessor-version":[{"id":2665,"href":"https:\/\/solutionsurmesure.com\/index.php\/wp-json\/wp\/v2\/pages\/1119\/revisions\/2665"}],"wp:attachment":[{"href":"https:\/\/solutionsurmesure.com\/index.php\/wp-json\/wp\/v2\/media?parent=1119"}],"curies":[{"name":"wp","href":"https:\/\/api.w.org\/{rel}","templated":true}]}}